{"id":15968,"date":"2023-05-29T13:00:06","date_gmt":"2023-05-29T10:00:06","guid":{"rendered":"https:\/\/imkaiplik.com\/insan-kaynaklari\/"},"modified":"2025-11-19T20:29:39","modified_gmt":"2025-11-19T17:29:39","slug":"human-resources","status":"publish","type":"page","link":"https:\/\/imkaiplik.com\/en\/human-resources\/","title":{"rendered":"Human Resources"},"content":{"rendered":"\t\t<div data-elementor-type=\"wp-page\" data-elementor-id=\"15968\" class=\"elementor elementor-15968\">\n\t\t\t\t\t\t<section class=\"wd-negative-gap elementor-section elementor-top-section elementor-element elementor-element-54d4664 wd-section-stretch elementor-section-boxed elementor-section-height-default elementor-section-height-default\" data-id=\"54d4664\" data-element_type=\"section\" data-settings=\"{&quot;background_background&quot;:&quot;classic&quot;}\">\n\t\t\t\t\t\t\t<div class=\"elementor-background-overlay\"><\/div>\n\t\t\t\t\t\t\t<div class=\"elementor-container elementor-column-gap-no\">\n\t\t\t\t\t<div class=\"elementor-column elementor-col-100 elementor-top-column elementor-element elementor-element-a298bdc\" data-id=\"a298bdc\" data-element_type=\"column\">\n\t\t\t<div class=\"elementor-widget-wrap elementor-element-populated\">\n\t\t\t\t\t\t<div class=\"elementor-element elementor-element-d4a0ad4 wd-width-100 elementor-widget elementor-widget-wd_title\" data-id=\"d4a0ad4\" data-element_type=\"widget\" data-widget_type=\"wd_title.default\">\n\t\t\t\t<div class=\"elementor-widget-container\">\n\t\t\t\t\t\t\t<div class=\"title-wrapper wd-set-mb reset-last-child wd-title-color-white wd-title-style-default wd-title-size-extra-large text-center\">\n\n\t\t\t\n\t\t\t<div class=\"liner-continer\">\n\t\t\t\t<h4 class=\"woodmart-title-container title wd-fontsize-xxxl\">\u0130MKA \u0130PL\u0130K<\/h4> \n\t\t\t\t\t\t\t<\/div>\n\n\t\t\t\t\t\t\t<div class=\"title-after_title reset-last-child wd-fontsize-s\">\n\t\t\t\t\t<p>The yarns we produce with our high quality target in our vision have been and continue to be preferred by many world brands.<\/p>\t\t\t\t<\/div>\n\t\t\t\t\t<\/div>\n\t\t\t\t\t\t<\/div>\n\t\t\t\t<\/div>\n\t\t\t\t<div class=\"elementor-element elementor-element-4352e26 elementor-widget__width-auto elementor-widget elementor-widget-wd_button\" data-id=\"4352e26\" data-element_type=\"widget\" data-widget_type=\"wd_button.default\">\n\t\t\t\t<div class=\"elementor-widget-container\">\n\t\t\t\t\t\t\t<div class=\"wd-button-wrapper text-center\" >\n\t\t\t<a class=\"btn btn-style-default btn-shape-rectangle btn-size-default btn-color-white btn-icon-pos-right\"  href=\"#\">\n\t\t\t\t<span class=\"wd-btn-text\" data-elementor-setting-key=\"text\">\n\t\t\t\t\tOur Mission &amp; Vision\t\t\t\t<\/span>\n\n\t\t\t\t\t\t\t<\/a>\n\t\t<\/div>\n\t\t\t\t\t\t<\/div>\n\t\t\t\t<\/div>\n\t\t\t\t<div class=\"elementor-element elementor-element-77730bc elementor-widget__width-auto elementor-widget elementor-widget-wd_button\" data-id=\"77730bc\" data-element_type=\"widget\" data-widget_type=\"wd_button.default\">\n\t\t\t\t<div class=\"elementor-widget-container\">\n\t\t\t\t\t\t\t<div class=\"wd-button-wrapper text-center\" >\n\t\t\t<a class=\"btn btn-style-bordered btn-shape-rectangle btn-size-default btn-color-white btn-icon-pos-right\"  href=\"#\">\n\t\t\t\t<span class=\"wd-btn-text\" data-elementor-setting-key=\"text\">\n\t\t\t\t\tOnline Catalog\t\t\t\t<\/span>\n\n\t\t\t\t\t\t\t<\/a>\n\t\t<\/div>\n\t\t\t\t\t\t<\/div>\n\t\t\t\t<\/div>\n\t\t\t\t\t<\/div>\n\t\t<\/div>\n\t\t\t\t\t<\/div>\n\t\t<\/section>\n\t\t\t\t<section class=\"wd-negative-gap elementor-section elementor-top-section elementor-element elementor-element-4ff96475 elementor-section-boxed elementor-section-height-default elementor-section-height-default\" data-id=\"4ff96475\" data-element_type=\"section\">\n\t\t\t\t\t\t<div class=\"elementor-container elementor-column-gap-default\">\n\t\t\t\t\t<div class=\"elementor-column elementor-col-100 elementor-top-column elementor-element elementor-element-287097bc\" data-id=\"287097bc\" data-element_type=\"column\">\n\t\t\t<div class=\"elementor-widget-wrap elementor-element-populated\">\n\t\t\t\t\t\t<div class=\"elementor-element elementor-element-1592eba6 color-scheme-inherit text-left elementor-widget elementor-widget-text-editor\" data-id=\"1592eba6\" data-element_type=\"widget\" data-widget_type=\"text-editor.default\">\n\t\t\t\t<div class=\"elementor-widget-container\">\n\t\t\t\t\t\t\t\t\t<form action=\"https:\/\/imkaiplik.com\/en\/wp-json\/ws-form\/v1\/submit\" class=\"wsf-form wsf-form-canvas\" id=\"ws-form-1\" data-id=\"1\" data-instance-id=\"1\" method=\"POST\"><\/form>\n\t\t\t\t\t\t\t\t<\/div>\n\t\t\t\t<\/div>\n\t\t\t\t\t<\/div>\n\t\t<\/div>\n\t\t\t\t\t<\/div>\n\t\t<\/section>\n\t\t\t\t<\/div>\n\t\t","protected":false},"excerpt":{"rendered":"<p>\u0130MKA \u0130PL\u0130K The yarns we produce with our high quality target in our vision have been and continue to be<\/p>\n","protected":false},"author":1,"featured_media":0,"parent":0,"menu_order":0,"comment_status":"closed","ping_status":"closed","template":"","meta":{"footnotes":""},"class_list":["post-15968","page","type-page","status-publish","hentry"],"_links":{"self":[{"href":"https:\/\/imkaiplik.com\/en\/wp-json\/wp\/v2\/pages\/15968","targetHints":{"allow":["GET"]}}],"collection":[{"href":"https:\/\/imkaiplik.com\/en\/wp-json\/wp\/v2\/pages"}],"about":[{"href":"https:\/\/imkaiplik.com\/en\/wp-json\/wp\/v2\/types\/page"}],"author":[{"embeddable":true,"href":"https:\/\/imkaiplik.com\/en\/wp-json\/wp\/v2\/users\/1"}],"replies":[{"embeddable":true,"href":"https:\/\/imkaiplik.com\/en\/wp-json\/wp\/v2\/comments?post=15968"}],"version-history":[{"count":4,"href":"https:\/\/imkaiplik.com\/en\/wp-json\/wp\/v2\/pages\/15968\/revisions"}],"predecessor-version":[{"id":16004,"href":"https:\/\/imkaiplik.com\/en\/wp-json\/wp\/v2\/pages\/15968\/revisions\/16004"}],"wp:attachment":[{"href":"https:\/\/imkaiplik.com\/en\/wp-json\/wp\/v2\/media?parent=15968"}],"curies":[{"name":"wp","href":"https:\/\/api.w.org\/{rel}","templated":true}]}}